{"id":1075,"date":"2025-01-25T19:53:38","date_gmt":"2025-01-25T18:53:38","guid":{"rendered":"https:\/\/sybiomed.com\/?page_id=1075"},"modified":"2025-02-02T14:01:41","modified_gmt":"2025-02-02T13:01:41","slug":"faq","status":"publish","type":"page","link":"https:\/\/sybiomed.com\/index.php\/accueil\/faq\/","title":{"rendered":"FAQ"},"content":{"rendered":"\t\t<div data-elementor-type=\"wp-page\" data-elementor-id=\"1075\" class=\"elementor elementor-1075\" data-elementor-post-type=\"page\">\n\t\t\t\t\t\t<section class=\"elementor-section elementor-top-section elementor-element elementor-element-04559fc elementor-section-boxed elementor-section-height-default elementor-section-height-default\" data-id=\"04559fc\" data-element_type=\"section\" data-settings=\"{&quot;ekit_has_onepagescroll_dot&quot;:&quot;yes&quot;}\">\n\t\t\t\t\t\t<div class=\"elementor-container elementor-column-gap-default\">\n\t\t\t\t\t<div class=\"elementor-column elementor-col-100 elementor-top-column elementor-element elementor-element-b9c6f13\" data-id=\"b9c6f13\" data-element_type=\"column\">\n\t\t\t<div class=\"elementor-widget-wrap elementor-element-populated\">\n\t\t\t\t\t\t<div class=\"elementor-element elementor-element-b425a5e elementor-widget elementor-widget-spacer\" data-id=\"b425a5e\" data-element_type=\"widget\" data-settings=\"{&quot;ekit_we_effect_on&quot;:&quot;none&quot;}\" data-widget_type=\"spacer.default\">\n\t\t\t\t<div class=\"elementor-widget-container\">\n\t\t\t\t\t\t\t<div class=\"elementor-spacer\">\n\t\t\t<div class=\"elementor-spacer-inner\"><\/div>\n\t\t<\/div>\n\t\t\t\t\t\t<\/div>\n\t\t\t\t<\/div>\n\t\t\t\t<div class=\"elementor-element elementor-element-96b1c5c elementor-widget elementor-widget-heading\" data-id=\"96b1c5c\" data-element_type=\"widget\" data-settings=\"{&quot;ekit_we_effect_on&quot;:&quot;none&quot;}\" data-widget_type=\"heading.default\">\n\t\t\t\t<div class=\"elementor-widget-container\">\n\t\t\t\t\t<h1 class=\"elementor-heading-title elementor-size-default\">FAQ Sybiomed : Toutes les r\u00e9ponses \u00e0 vos questions<\/h1>\t\t\t\t<\/div>\n\t\t\t\t<\/div>\n\t\t\t\t<div class=\"elementor-element elementor-element-36aac09 elementor-widget elementor-widget-text-editor\" data-id=\"36aac09\" data-element_type=\"widget\" data-settings=\"{&quot;ekit_we_effect_on&quot;:&quot;none&quot;}\" data-widget_type=\"text-editor.default\">\n\t\t\t\t<div class=\"elementor-widget-container\">\n\t\t\t\t\t\t\t\t\t<p>Bienvenue dans notre Foire Aux Questions (FAQ). Vous trouverez ici les r\u00e9ponses aux interrogations les plus fr\u00e9quentes concernant nos services de maintenance biom\u00e9dicale, la vente et la formation de robots PDA. Si vous ne trouvez pas l\u2019information que vous recherchez, n\u2019h\u00e9sitez pas \u00e0 nous contacter directement pour un accompagnement personnalis\u00e9..<\/p>\t\t\t\t\t\t\t\t<\/div>\n\t\t\t\t<\/div>\n\t\t\t\t\t<\/div>\n\t\t<\/div>\n\t\t\t\t\t<\/div>\n\t\t<\/section>\n\t\t\t\t<\/div>\n\t\t\n    <div class=\"xs_social_share_widget xs_share_url after_content \t\tmain_content  wslu-style-1 wslu-share-box-shaped wslu-fill-colored wslu-none wslu-share-horizontal wslu-theme-font-no wslu-main_content\">\n\n\t\t\n        <ul>\n\t\t\t        <\/ul>\n    <\/div> \n","protected":false},"excerpt":{"rendered":"<p>FAQ Sybiomed : Toutes les r\u00e9ponses \u00e0 vos questions Bienvenue dans notre Foire Aux Questions (FAQ). Vous trouverez ici les r\u00e9ponses aux interrogations les plus fr\u00e9quentes concernant nos services de maintenance biom\u00e9dicale, la vente et la formation de robots PDA. Si vous ne trouvez pas l\u2019information que vous recherchez, n\u2019h\u00e9sitez pas \u00e0 nous contacter directement [&hellip;]<\/p>\n","protected":false},"author":2,"featured_media":0,"parent":230,"menu_order":0,"comment_status":"closed","ping_status":"closed","template":"","meta":{"footnotes":""},"class_list":["post-1075","page","type-page","status-publish","hentry"],"yoast_head":"<!-- This site is optimized with the Yoast SEO plugin v27.4 - https:\/\/yoast.com\/product\/yoast-seo-wordpress\/ -->\n<title>FAQ - Sybiomed<\/title>\n<meta name=\"robots\" content=\"index, follow, max-snippet:-1, max-image-preview:large, max-video-preview:-1\" \/>\n<link rel=\"canonical\" href=\"https:\/\/sybiomed.com\/index.php\/accueil\/faq\/\" \/>\n<meta property=\"og:locale\" content=\"fr_FR\" \/>\n<meta property=\"og:type\" content=\"article\" \/>\n<meta property=\"og:title\" content=\"FAQ - Sybiomed\" \/>\n<meta property=\"og:description\" content=\"FAQ Sybiomed : Toutes les r\u00e9ponses \u00e0 vos questions Bienvenue dans notre Foire Aux Questions (FAQ). Vous trouverez ici les r\u00e9ponses aux interrogations les plus fr\u00e9quentes concernant nos services de maintenance biom\u00e9dicale, la vente et la formation de robots PDA. Si vous ne trouvez pas l\u2019information que vous recherchez, n\u2019h\u00e9sitez pas \u00e0 nous contacter directement [&hellip;]\" \/>\n<meta property=\"og:url\" content=\"https:\/\/sybiomed.com\/index.php\/accueil\/faq\/\" \/>\n<meta property=\"og:site_name\" content=\"Sybiomed\" \/>\n<meta property=\"article:modified_time\" content=\"2025-02-02T13:01:41+00:00\" \/>\n<meta name=\"twitter:card\" content=\"summary_large_image\" \/>\n<meta name=\"twitter:label1\" content=\"Dur\u00e9e de lecture estim\u00e9e\" \/>\n\t<meta name=\"twitter:data1\" content=\"1 minute\" \/>\n<script type=\"application\/ld+json\" class=\"yoast-schema-graph\">{\"@context\":\"https:\\\/\\\/schema.org\",\"@graph\":[{\"@type\":\"WebPage\",\"@id\":\"https:\\\/\\\/sybiomed.com\\\/index.php\\\/accueil\\\/faq\\\/\",\"url\":\"https:\\\/\\\/sybiomed.com\\\/index.php\\\/accueil\\\/faq\\\/\",\"name\":\"FAQ - Sybiomed\",\"isPartOf\":{\"@id\":\"https:\\\/\\\/sybiomed.com\\\/#website\"},\"datePublished\":\"2025-01-25T18:53:38+00:00\",\"dateModified\":\"2025-02-02T13:01:41+00:00\",\"breadcrumb\":{\"@id\":\"https:\\\/\\\/sybiomed.com\\\/index.php\\\/accueil\\\/faq\\\/#breadcrumb\"},\"inLanguage\":\"fr-FR\",\"potentialAction\":[{\"@type\":\"ReadAction\",\"target\":[\"https:\\\/\\\/sybiomed.com\\\/index.php\\\/accueil\\\/faq\\\/\"]}]},{\"@type\":\"BreadcrumbList\",\"@id\":\"https:\\\/\\\/sybiomed.com\\\/index.php\\\/accueil\\\/faq\\\/#breadcrumb\",\"itemListElement\":[{\"@type\":\"ListItem\",\"position\":1,\"name\":\"Accueil\",\"item\":\"https:\\\/\\\/sybiomed.com\\\/\"},{\"@type\":\"ListItem\",\"position\":2,\"name\":\"FAQ\"}]},{\"@type\":\"WebSite\",\"@id\":\"https:\\\/\\\/sybiomed.com\\\/#website\",\"url\":\"https:\\\/\\\/sybiomed.com\\\/\",\"name\":\"Sybiomed\",\"description\":\"Au service de votre maintenance biom\u00e9dicale\",\"publisher\":{\"@id\":\"https:\\\/\\\/sybiomed.com\\\/#organization\"},\"potentialAction\":[{\"@type\":\"SearchAction\",\"target\":{\"@type\":\"EntryPoint\",\"urlTemplate\":\"https:\\\/\\\/sybiomed.com\\\/?s={search_term_string}\"},\"query-input\":{\"@type\":\"PropertyValueSpecification\",\"valueRequired\":true,\"valueName\":\"search_term_string\"}}],\"inLanguage\":\"fr-FR\"},{\"@type\":\"Organization\",\"@id\":\"https:\\\/\\\/sybiomed.com\\\/#organization\",\"name\":\"Sybiomed\",\"url\":\"https:\\\/\\\/sybiomed.com\\\/\",\"logo\":{\"@type\":\"ImageObject\",\"inLanguage\":\"fr-FR\",\"@id\":\"https:\\\/\\\/sybiomed.com\\\/#\\\/schema\\\/logo\\\/image\\\/\",\"url\":\"https:\\\/\\\/sybiomed.com\\\/wp-content\\\/uploads\\\/2023\\\/04\\\/logo_sybiomed_noir_png-e1739799369289.png\",\"contentUrl\":\"https:\\\/\\\/sybiomed.com\\\/wp-content\\\/uploads\\\/2023\\\/04\\\/logo_sybiomed_noir_png-e1739799369289.png\",\"width\":1563,\"height\":344,\"caption\":\"Sybiomed\"},\"image\":{\"@id\":\"https:\\\/\\\/sybiomed.com\\\/#\\\/schema\\\/logo\\\/image\\\/\"}}]}<\/script>\n<!-- \/ Yoast SEO plugin. -->","yoast_head_json":{"title":"FAQ - Sybiomed","robots":{"index":"index","follow":"follow","max-snippet":"max-snippet:-1","max-image-preview":"max-image-preview:large","max-video-preview":"max-video-preview:-1"},"canonical":"https:\/\/sybiomed.com\/index.php\/accueil\/faq\/","og_locale":"fr_FR","og_type":"article","og_title":"FAQ - Sybiomed","og_description":"FAQ Sybiomed : Toutes les r\u00e9ponses \u00e0 vos questions Bienvenue dans notre Foire Aux Questions (FAQ). Vous trouverez ici les r\u00e9ponses aux interrogations les plus fr\u00e9quentes concernant nos services de maintenance biom\u00e9dicale, la vente et la formation de robots PDA. Si vous ne trouvez pas l\u2019information que vous recherchez, n\u2019h\u00e9sitez pas \u00e0 nous contacter directement [&hellip;]","og_url":"https:\/\/sybiomed.com\/index.php\/accueil\/faq\/","og_site_name":"Sybiomed","article_modified_time":"2025-02-02T13:01:41+00:00","twitter_card":"summary_large_image","twitter_misc":{"Dur\u00e9e de lecture estim\u00e9e":"1 minute"},"schema":{"@context":"https:\/\/schema.org","@graph":[{"@type":"WebPage","@id":"https:\/\/sybiomed.com\/index.php\/accueil\/faq\/","url":"https:\/\/sybiomed.com\/index.php\/accueil\/faq\/","name":"FAQ - Sybiomed","isPartOf":{"@id":"https:\/\/sybiomed.com\/#website"},"datePublished":"2025-01-25T18:53:38+00:00","dateModified":"2025-02-02T13:01:41+00:00","breadcrumb":{"@id":"https:\/\/sybiomed.com\/index.php\/accueil\/faq\/#breadcrumb"},"inLanguage":"fr-FR","potentialAction":[{"@type":"ReadAction","target":["https:\/\/sybiomed.com\/index.php\/accueil\/faq\/"]}]},{"@type":"BreadcrumbList","@id":"https:\/\/sybiomed.com\/index.php\/accueil\/faq\/#breadcrumb","itemListElement":[{"@type":"ListItem","position":1,"name":"Accueil","item":"https:\/\/sybiomed.com\/"},{"@type":"ListItem","position":2,"name":"FAQ"}]},{"@type":"WebSite","@id":"https:\/\/sybiomed.com\/#website","url":"https:\/\/sybiomed.com\/","name":"Sybiomed","description":"Au service de votre maintenance biom\u00e9dicale","publisher":{"@id":"https:\/\/sybiomed.com\/#organization"},"potentialAction":[{"@type":"SearchAction","target":{"@type":"EntryPoint","urlTemplate":"https:\/\/sybiomed.com\/?s={search_term_string}"},"query-input":{"@type":"PropertyValueSpecification","valueRequired":true,"valueName":"search_term_string"}}],"inLanguage":"fr-FR"},{"@type":"Organization","@id":"https:\/\/sybiomed.com\/#organization","name":"Sybiomed","url":"https:\/\/sybiomed.com\/","logo":{"@type":"ImageObject","inLanguage":"fr-FR","@id":"https:\/\/sybiomed.com\/#\/schema\/logo\/image\/","url":"https:\/\/sybiomed.com\/wp-content\/uploads\/2023\/04\/logo_sybiomed_noir_png-e1739799369289.png","contentUrl":"https:\/\/sybiomed.com\/wp-content\/uploads\/2023\/04\/logo_sybiomed_noir_png-e1739799369289.png","width":1563,"height":344,"caption":"Sybiomed"},"image":{"@id":"https:\/\/sybiomed.com\/#\/schema\/logo\/image\/"}}]}},"_links":{"self":[{"href":"https:\/\/sybiomed.com\/index.php\/wp-json\/wp\/v2\/pages\/1075","targetHints":{"allow":["GET"]}}],"collection":[{"href":"https:\/\/sybiomed.com\/index.php\/wp-json\/wp\/v2\/pages"}],"about":[{"href":"https:\/\/sybiomed.com\/index.php\/wp-json\/wp\/v2\/types\/page"}],"author":[{"embeddable":true,"href":"https:\/\/sybiomed.com\/index.php\/wp-json\/wp\/v2\/users\/2"}],"replies":[{"embeddable":true,"href":"https:\/\/sybiomed.com\/index.php\/wp-json\/wp\/v2\/comments?post=1075"}],"version-history":[{"count":10,"href":"https:\/\/sybiomed.com\/index.php\/wp-json\/wp\/v2\/pages\/1075\/revisions"}],"predecessor-version":[{"id":1472,"href":"https:\/\/sybiomed.com\/index.php\/wp-json\/wp\/v2\/pages\/1075\/revisions\/1472"}],"up":[{"embeddable":true,"href":"https:\/\/sybiomed.com\/index.php\/wp-json\/wp\/v2\/pages\/230"}],"wp:attachment":[{"href":"https:\/\/sybiomed.com\/index.php\/wp-json\/wp\/v2\/media?parent=1075"}],"curies":[{"name":"wp","href":"https:\/\/api.w.org\/{rel}","templated":true}]}}